{"id":1058,"date":"2025-09-17T19:06:01","date_gmt":"2025-09-17T17:06:01","guid":{"rendered":"https:\/\/www.gasthof-steckholzer.at\/impressum\/"},"modified":"2025-10-17T16:11:25","modified_gmt":"2025-10-17T14:11:25","slug":"informazioni-legale","status":"publish","type":"page","link":"https:\/\/www.gasthof-steckholzer.at\/it\/informazioni-legale\/","title":{"rendered":"INFORMAZIONI LEGALE"},"content":{"rendered":"<p><div class=\"fusion-fullwidth fullwidth-box fusion-builder-row-1 fusion-flex-container has-pattern-background has-mask-background nonhundred-percent-fullwidth non-hundred-percent-height-scrolling\" style=\"--awb-border-radius-top-left:0px;--awb-border-radius-top-right:0px;--awb-border-radius-bottom-right:0px;--awb-border-radius-bottom-left:0px;--awb-padding-right:10%;--awb-padding-left:10%;--awb-padding-right-medium:8%;--awb-padding-left-medium:8%;--awb-padding-right-small:3%;--awb-padding-left-small:3%;--awb-background-color:rgba(246,234,230,0.78);--awb-flex-wrap:wrap;\" ><div class=\"fusion-builder-row fusion-row fusion-flex-align-items-flex-start fusion-flex-content-wrap\" style=\"max-width:1248px;margin-left: calc(-4% \/ 2 );margin-right: calc(-4% \/ 2 );\"><div class=\"fusion-layout-column fusion_builder_column fusion-builder-column-0 fusion_builder_column_1_1 1_1 fusion-flex-column\" style=\"--awb-padding-right:12%;--awb-padding-left:12%;--awb-padding-right-medium:8%;--awb-padding-left-medium:8%;--awb-padding-right-small:3%;--awb-padding-left-small:3%;--awb-bg-size:cover;--awb-width-large:100%;--awb-margin-top-large:0px;--awb-spacing-right-large:1.92%;--awb-margin-bottom-large:0px;--awb-spacing-left-large:1.92%;--awb-width-medium:100%;--awb-order-medium:0;--awb-spacing-right-medium:1.92%;--awb-spacing-left-medium:1.92%;--awb-width-small:100%;--awb-order-small:0;--awb-spacing-right-small:1.92%;--awb-spacing-left-small:1.92%;\" data-scroll-devices=\"small-visibility,medium-visibility,large-visibility\"><div class=\"fusion-column-wrapper fusion-column-has-shadow fusion-flex-justify-content-flex-start fusion-content-layout-column\"><div class=\"fusion-separator fusion-full-width-sep\" style=\"align-self: center;margin-left: auto;margin-right: auto;margin-bottom:10%;width:100%;\"><\/div><div class=\"fusion-title title fusion-title-1 fusion-sep-none fusion-title-center fusion-title-text fusion-title-size-one\" style=\"--awb-margin-top:0%;--awb-margin-bottom:0%;--awb-margin-top-small:10px;--awb-margin-right-small:0px;--awb-margin-bottom-small:10px;--awb-margin-left-small:0px;--awb-font-size:55px;\"><h1 class=\"fusion-title-heading title-heading-center fusion-responsive-typography-calculated\" style=\"margin:0;font-size:1em;--fontSize:55;line-height:1.18;\">INFORMAZIONI LEGALE<\/h1><\/div><div class=\"fusion-title title fusion-title-2 fusion-sep-none fusion-title-center fusion-title-text fusion-title-size-two\" style=\"--awb-margin-top-small:10px;--awb-margin-right-small:0px;--awb-margin-bottom-small:10px;--awb-margin-left-small:0px;--awb-font-size:28px;\"><h2 class=\"fusion-title-heading title-heading-center fusion-responsive-typography-calculated\" style=\"margin:0;letter-spacing:2px;font-size:1em;--fontSize:28;line-height:1.36;\">Informazioni e Trasparenza in conformit\u00e0 con \u00a75 (1) ECG, \u00a725 MedienG, \u00a763 GewO e \u00a714 UGB<\/h2><\/div><div class=\"fusion-separator fusion-full-width-sep\" style=\"align-self: center;margin-left: auto;margin-right: auto;margin-bottom:3%;width:100%;\"><\/div><div class=\"fusion-text fusion-text-1\"><p style=\"text-align: center;\">Gestore del sito web: Berggasthof Steckholzer &#8211; Wolf KG<\/p>\n<p style=\"text-align: center;\">Numero di registro commerciale: 167711 i<\/p>\n<p style=\"text-align: center;\">Tribunale commerciale: Tribunale distrettuale diInnsbruck<\/p>\n<p style=\"text-align: center;\">Indirizzo: Padaun 19, 6154 Vals<\/p>\n<p style=\"text-align: center;\">Partita IVA: ATU44399405<\/p>\n<p style=\"text-align: center;\">Autorit\u00e0 di controllo commerciale: BH Innsbruck<\/p>\n<p style=\"text-align: center;\">Email: <a href=\"mailto:info@gasthof-steckholzer.at\">info@gasthof-steckholzer.at<\/a><\/p>\n<\/div><div class=\"fusion-separator fusion-full-width-sep\" style=\"align-self: center;margin-left: auto;margin-right: auto;margin-bottom:4%;width:100%;\"><\/div><\/div><\/div><\/div><\/div><div id=\"wichtige-infos\" class=\"fusion-container-anchor\"><div class=\"fusion-fullwidth fullwidth-box fusion-builder-row-2 fusion-flex-container has-pattern-background has-mask-background hundred-percent-fullwidth non-hundred-percent-height-scrolling\" style=\"--awb-border-radius-top-left:0px;--awb-border-radius-top-right:0px;--awb-border-radius-bottom-right:0px;--awb-border-radius-bottom-left:0px;--awb-padding-top:0%;--awb-padding-right:0%;--awb-padding-bottom:0%;--awb-padding-left:0%;--awb-padding-top-medium:0%;--awb-padding-right-medium:0%;--awb-padding-bottom-medium:0%;--awb-padding-left-medium:0%;--awb-padding-top-small:0%;--awb-padding-right-small:0%;--awb-padding-bottom-small:0%;--awb-padding-left-small:0%;--awb-margin-top:0%;--awb-margin-bottom:0%;--awb-margin-top-medium:0%;--awb-margin-bottom-medium:0%;--awb-margin-top-small:0%;--awb-margin-bottom-small:0%;--awb-background-color:var(--awb-color4);--awb-flex-wrap:wrap;\" ><div class=\"fusion-builder-row fusion-row fusion-flex-align-items-flex-start fusion-flex-content-wrap\" style=\"width:104% !important;max-width:104% !important;margin-left: calc(-4% \/ 2 );margin-right: calc(-4% \/ 2 );\"><div class=\"fusion-layout-column fusion_builder_column fusion-builder-column-1 fusion_builder_column_1_1 1_1 fusion-flex-column fusion-flex-align-self-stretch\" style=\"--awb-padding-top:0%;--awb-padding-right:12%;--awb-padding-bottom:0%;--awb-padding-left:12%;--awb-padding-top-medium:0%;--awb-padding-right-medium:8%;--awb-padding-bottom-medium:0%;--awb-padding-left-medium:8%;--awb-padding-top-small:0%;--awb-padding-right-small:3%;--awb-padding-bottom-small:0%;--awb-padding-left-small:3%;--awb-bg-color:rgba(246,234,230,0);--awb-bg-color-hover:rgba(246,234,230,0);--awb-bg-size:cover;--awb-width-large:100%;--awb-margin-top-large:0%;--awb-spacing-right-large:1.92%;--awb-margin-bottom-large:0%;--awb-spacing-left-large:1.92%;--awb-width-medium:100%;--awb-order-medium:0;--awb-margin-top-medium:0%;--awb-spacing-right-medium:1.92%;--awb-margin-bottom-medium:0%;--awb-spacing-left-medium:1.92%;--awb-width-small:100%;--awb-order-small:0;--awb-margin-top-small:0%;--awb-spacing-right-small:1.92%;--awb-margin-bottom-small:0%;--awb-spacing-left-small:1.92%;\" data-scroll-devices=\"small-visibility,medium-visibility,large-visibility\"><div class=\"fusion-column-wrapper fusion-column-has-shadow fusion-flex-justify-content-space-evenly fusion-content-layout-column\"><div class=\"fusion-separator fusion-full-width-sep\" style=\"align-self: center;margin-left: auto;margin-right: auto;margin-bottom:5%;width:100%;\"><\/div><div class=\"fusion-title title fusion-title-3 fusion-sep-none fusion-title-center fusion-title-text fusion-title-size-three\" style=\"--awb-text-color:var(--awb-color2);--awb-margin-top:0%;--awb-margin-right:5%;--awb-margin-bottom:0%;--awb-margin-left:5%;--awb-margin-top-small:10px;--awb-margin-right-small:5%;--awb-margin-bottom-small:10px;--awb-margin-left-small:5%;--awb-margin-right-medium:5%;--awb-margin-left-medium:5%;--awb-font-size:28px;\"><h3 class=\"fusion-title-heading title-heading-center fusion-responsive-typography-calculated\" style=\"font-family:&quot;Manjari&quot;;font-style:normal;font-weight:700;margin:0;letter-spacing:2px;font-size:1em;--fontSize:28;line-height:1.36;\">CONCEPT, DESIGN &amp; TESTI<\/h3><\/div><div class=\"fusion-separator fusion-no-small-visibility fusion-full-width-sep\" style=\"align-self: center;margin-left: auto;margin-right: auto;margin-bottom:1%;width:100%;\"><\/div><div class=\"fusion-text fusion-text-2\"><p style=\"text-align: center;\">Soulmate \u2013 Design-Studio Tanja Brunner e.u. | <a href=\"https:\/\/www.soul-mate.at\" target=\"_blank\" rel=\"noopener\">soul-mate.at<\/a><\/p>\n<\/div><div class=\"fusion-separator fusion-full-width-sep\" style=\"align-self: center;margin-left: auto;margin-right: auto;margin-bottom:4%;width:100%;\"><\/div><div class=\"fusion-title title fusion-title-4 fusion-sep-none fusion-title-center fusion-title-text fusion-title-size-three\" style=\"--awb-text-color:var(--awb-color2);--awb-margin-top:0%;--awb-margin-right:5%;--awb-margin-bottom:0%;--awb-margin-left:5%;--awb-margin-top-small:10px;--awb-margin-right-small:5%;--awb-margin-bottom-small:10px;--awb-margin-left-small:5%;--awb-margin-right-medium:5%;--awb-margin-left-medium:5%;--awb-font-size:28px;\"><h3 class=\"fusion-title-heading title-heading-center fusion-responsive-typography-calculated\" style=\"font-family:&quot;Manjari&quot;;font-style:normal;font-weight:700;margin:0;letter-spacing:2px;font-size:1em;--fontSize:28;line-height:1.36;\">CREDITI FOTOGRAFICI:<\/h3><\/div><div class=\"fusion-separator fusion-no-small-visibility fusion-full-width-sep\" style=\"align-self: center;margin-left: auto;margin-right: auto;margin-bottom:1%;width:100%;\"><\/div><div class=\"fusion-text fusion-text-3\"><p style=\"text-align: center;\">Berggasthof Steckholzer, <a href=\"https:\/\/www.wipptal.at\/\" target=\"_blank\" rel=\"noopener\">TVB Wipptal<\/a> | <a href=\"https:\/\/www.johannesbitter-photo.com\/\" target=\"_blank\" rel=\"noopener\">Johannes Bitter<\/a>, Deanna Davey Moran, unsplash, <a href=\"https:\/\/www.urlaubambauernhof.at\/de\" target=\"_blank\" rel=\"noopener\">Urlaub am Bauernhof<\/a>, <a href=\"https:\/\/www.instagram.com\/smollemichael\/\" target=\"_blank\" rel=\"noopener\">Michael Smolle<\/a><\/p>\n<\/div><div class=\"fusion-separator fusion-full-width-sep\" style=\"align-self: center;margin-left: auto;margin-right: auto;margin-bottom:4%;width:100%;\"><\/div><div class=\"fusion-title title fusion-title-5 fusion-sep-none fusion-title-center fusion-title-text fusion-title-size-three\" style=\"--awb-text-color:var(--awb-color2);--awb-margin-top:0%;--awb-margin-right:5%;--awb-margin-bottom:0%;--awb-margin-left:5%;--awb-margin-top-small:10px;--awb-margin-right-small:5%;--awb-margin-bottom-small:10px;--awb-margin-left-small:5%;--awb-margin-right-medium:5%;--awb-margin-left-medium:5%;--awb-font-size:28px;\"><h3 class=\"fusion-title-heading title-heading-center fusion-responsive-typography-calculated\" style=\"font-family:&quot;Manjari&quot;;font-style:normal;font-weight:700;margin:0;letter-spacing:2px;font-size:1em;--fontSize:28;line-height:1.36;\">NORME LEGALI APPLICABILI:<\/h3><\/div><div class=\"fusion-separator fusion-no-small-visibility fusion-full-width-sep\" style=\"align-self: center;margin-left: auto;margin-right: auto;margin-bottom:1%;width:100%;\"><\/div><div class=\"fusion-text fusion-text-4\"><p style=\"text-align: center;\"><a href=\"https:\/\/www.ris.bka.gv.at\" target=\"_blank\" rel=\"noopener\">www.ris.bka.gv.at<\/a><\/p>\n<\/div><div class=\"fusion-separator fusion-full-width-sep\" style=\"align-self: center;margin-left: auto;margin-right: auto;margin-bottom:4%;width:100%;\"><\/div><div class=\"fusion-title title fusion-title-6 fusion-sep-none fusion-title-center fusion-title-text fusion-title-size-three\" style=\"--awb-text-color:var(--awb-color2);--awb-margin-top:0%;--awb-margin-right:5%;--awb-margin-bottom:0%;--awb-margin-left:5%;--awb-margin-top-small:10px;--awb-margin-right-small:5%;--awb-margin-bottom-small:10px;--awb-margin-left-small:5%;--awb-margin-right-medium:5%;--awb-margin-left-medium:5%;--awb-font-size:28px;\"><h3 class=\"fusion-title-heading title-heading-center fusion-responsive-typography-calculated\" style=\"font-family:&quot;Manjari&quot;;font-style:normal;font-weight:700;margin:0;letter-spacing:2px;font-size:1em;--fontSize:28;line-height:1.36;\">Titolo Professionale:<\/h3><\/div><div class=\"fusion-separator fusion-no-small-visibility fusion-full-width-sep\" style=\"align-self: center;margin-left: auto;margin-right: auto;margin-bottom:1%;width:100%;\"><\/div><div class=\"fusion-text fusion-text-5\"><p style=\"text-align: center;\">Affitto, esercizio di attivit\u00e0 alberghiera<\/p>\n<\/div><div class=\"fusion-separator fusion-full-width-sep\" style=\"align-self: center;margin-left: auto;margin-right: auto;margin-bottom:4%;width:100%;\"><\/div><div class=\"fusion-title title fusion-title-7 fusion-sep-none fusion-title-center fusion-title-text fusion-title-size-three\" style=\"--awb-text-color:var(--awb-color2);--awb-margin-top:0%;--awb-margin-right:5%;--awb-margin-bottom:0%;--awb-margin-left:5%;--awb-margin-top-small:10px;--awb-margin-right-small:5%;--awb-margin-bottom-small:10px;--awb-margin-left-small:5%;--awb-margin-right-medium:5%;--awb-margin-left-medium:5%;--awb-font-size:28px;\"><h3 class=\"fusion-title-heading title-heading-center fusion-responsive-typography-calculated\" style=\"font-family:&quot;Manjari&quot;;font-style:normal;font-weight:700;margin:0;letter-spacing:2px;font-size:1em;--fontSize:28;line-height:1.36;\">RISOLUZIONE ONLINE DELLE CONTROVERSIE:<\/h3><\/div><div class=\"fusion-separator fusion-no-small-visibility fusion-full-width-sep\" style=\"align-self: center;margin-left: auto;margin-right: auto;margin-bottom:1%;width:100%;\"><\/div><div class=\"fusion-text fusion-text-6\"><p style=\"text-align: center;\">I consumatori residenti in Austria o in qualsiasi altro Stato membro dell\u2019UE hanno la possibilit\u00e0 di risolvere eventuali controversie riguardanti l\u2019acquisto di beni o servizi tramite la risoluzione online delle controversie (ODR). La Commissione Europea mette a disposizione una piattaforma a questo scopo: <a href=\"https:\/\/ec.europa.eu\/consumers\/odr\" target=\"_blank\" rel=\"noopener\">https:\/\/ec.europa.eu\/consumers\/odr<\/a><\/p>\n<\/div><div class=\"fusion-separator fusion-full-width-sep\" style=\"align-self: center;margin-left: auto;margin-right: auto;margin-bottom:4%;width:100%;\"><\/div><div class=\"fusion-title title fusion-title-8 fusion-sep-none fusion-title-center fusion-title-text fusion-title-size-three\" style=\"--awb-text-color:var(--awb-color2);--awb-margin-top:0%;--awb-margin-right:5%;--awb-margin-bottom:0%;--awb-margin-left:5%;--awb-margin-top-small:10px;--awb-margin-right-small:5%;--awb-margin-bottom-small:10px;--awb-margin-left-small:5%;--awb-margin-right-medium:5%;--awb-margin-left-medium:5%;--awb-font-size:28px;\"><h3 class=\"fusion-title-heading title-heading-center fusion-responsive-typography-calculated\" style=\"font-family:&quot;Manjari&quot;;font-style:normal;font-weight:700;margin:0;letter-spacing:2px;font-size:1em;--fontSize:28;line-height:1.36;\">COPYRIGHT:<\/h3><\/div><div class=\"fusion-separator fusion-no-small-visibility fusion-full-width-sep\" style=\"align-self: center;margin-left: auto;margin-right: auto;margin-bottom:1%;width:100%;\"><\/div><div class=\"fusion-text fusion-text-7\"><p style=\"text-align: center;\">I contenuti di questo sito web sono protetti, per quanto possibile legalmente, da diversi diritti di propriet\u00e0 intellettuale (ad esempio, diritto d\u2019autore). Qualsiasi utilizzo o diffusione dei materiali forniti che violi il copyright richiede il consenso scritto del gestore del sito.<\/p>\n<\/div><div class=\"fusion-separator fusion-full-width-sep\" style=\"align-self: center;margin-left: auto;margin-right: auto;margin-bottom:4%;width:100%;\"><\/div><div class=\"fusion-title title fusion-title-9 fusion-sep-none fusion-title-center fusion-title-text fusion-title-size-three\" style=\"--awb-text-color:var(--awb-color2);--awb-margin-top:0%;--awb-margin-right:5%;--awb-margin-bottom:0%;--awb-margin-left:5%;--awb-margin-top-small:10px;--awb-margin-right-small:5%;--awb-margin-bottom-small:10px;--awb-margin-left-small:5%;--awb-margin-right-medium:5%;--awb-margin-left-medium:5%;--awb-font-size:28px;\"><h3 class=\"fusion-title-heading title-heading-center fusion-responsive-typography-calculated\" style=\"font-family:&quot;Manjari&quot;;font-style:normal;font-weight:700;margin:0;letter-spacing:2px;font-size:1em;--fontSize:28;line-height:1.36;\">DISCLAIMER \/ LIMITAZIONE DI RESPONSABILIT\u00c0:<\/h3><\/div><div class=\"fusion-separator fusion-no-small-visibility fusion-full-width-sep\" style=\"align-self: center;margin-left: auto;margin-right: auto;margin-bottom:1%;width:100%;\"><\/div><div class=\"fusion-text fusion-text-8\"><p style=\"text-align: center;\">Nonostante un\u2019attenta verifica dei contenuti, il gestore del sito non si assume alcuna responsabilit\u00e0 per i contenuti dei link esterni. I contenuti delle pagine collegate sono responsabilit\u00e0 esclusiva dei rispettivi gestori. Se notate link verso siti contenenti contenuti o attivit\u00e0 illegali, vi preghiamo di segnalarcelo affinch\u00e9 possiamo rimuoverli immediatamente ai sensi del \u00a717 (2) ECG.<\/p>\n<p style=\"text-align: center;\">I diritti d\u2019autore di terzi sono rispettati con la massima attenzione. Qualora doveste rilevare violazioni del copyright, vi chiediamo di segnalarcelo. Alla ricezione di tali segnalazioni, provvederemo immediatamente a rimuovere i contenuti interessati.<\/p>\n<\/div><div class=\"fusion-separator fusion-full-width-sep\" style=\"align-self: center;margin-left: auto;margin-right: auto;margin-bottom:5%;width:100%;\"><\/div><\/div><\/div><\/div><\/div><\/div><\/p>\n","protected":false},"excerpt":{"rendered":"","protected":false},"author":1,"featured_media":0,"parent":0,"menu_order":0,"comment_status":"closed","ping_status":"closed","template":"100-width.php","meta":{"footnotes":""},"class_list":["post-1058","page","type-page","status-publish","hentry"],"yoast_head":"<!-- This site is optimized with the Yoast SEO plugin v27.3 - https:\/\/yoast.com\/product\/yoast-seo-wordpress\/ -->\n<title>INFORMAZIONI LEGALE - Steckholzer<\/title>\n<meta name=\"robots\" content=\"index, follow, max-snippet:-1, max-image-preview:large, max-video-preview:-1\" \/>\n<link rel=\"canonical\" href=\"https:\/\/www.gasthof-steckholzer.at\/it\/informazioni-legale\/\" \/>\n<meta property=\"og:locale\" content=\"it_IT\" \/>\n<meta property=\"og:type\" content=\"article\" \/>\n<meta property=\"og:title\" content=\"INFORMAZIONI LEGALE - Steckholzer\" \/>\n<meta property=\"og:url\" content=\"https:\/\/www.gasthof-steckholzer.at\/it\/informazioni-legale\/\" \/>\n<meta property=\"og:site_name\" content=\"Steckholzer\" \/>\n<meta property=\"article:modified_time\" content=\"2025-10-17T14:11:25+00:00\" \/>\n<meta name=\"twitter:card\" content=\"summary_large_image\" \/>\n<meta name=\"twitter:label1\" content=\"Tempo di lettura stimato\" \/>\n\t<meta name=\"twitter:data1\" content=\"2 minuti\" \/>\n<script type=\"application\/ld+json\" class=\"yoast-schema-graph\">{\"@context\":\"https:\\\/\\\/schema.org\",\"@graph\":[{\"@type\":\"WebPage\",\"@id\":\"https:\\\/\\\/www.gasthof-steckholzer.at\\\/it\\\/informazioni-legale\\\/\",\"url\":\"https:\\\/\\\/www.gasthof-steckholzer.at\\\/it\\\/informazioni-legale\\\/\",\"name\":\"INFORMAZIONI LEGALE - Steckholzer\",\"isPartOf\":{\"@id\":\"https:\\\/\\\/www.gasthof-steckholzer.at\\\/it\\\/#website\"},\"datePublished\":\"2025-09-17T17:06:01+00:00\",\"dateModified\":\"2025-10-17T14:11:25+00:00\",\"breadcrumb\":{\"@id\":\"https:\\\/\\\/www.gasthof-steckholzer.at\\\/it\\\/informazioni-legale\\\/#breadcrumb\"},\"inLanguage\":\"it-IT\",\"potentialAction\":[{\"@type\":\"ReadAction\",\"target\":[\"https:\\\/\\\/www.gasthof-steckholzer.at\\\/it\\\/informazioni-legale\\\/\"]}]},{\"@type\":\"BreadcrumbList\",\"@id\":\"https:\\\/\\\/www.gasthof-steckholzer.at\\\/it\\\/informazioni-legale\\\/#breadcrumb\",\"itemListElement\":[{\"@type\":\"ListItem\",\"position\":1,\"name\":\"Startseite\",\"item\":\"https:\\\/\\\/www.gasthof-steckholzer.at\\\/it\\\/\"},{\"@type\":\"ListItem\",\"position\":2,\"name\":\"INFORMAZIONI LEGALE\"}]},{\"@type\":\"WebSite\",\"@id\":\"https:\\\/\\\/www.gasthof-steckholzer.at\\\/it\\\/#website\",\"url\":\"https:\\\/\\\/www.gasthof-steckholzer.at\\\/it\\\/\",\"name\":\"Steckholzer\",\"description\":\"Der Berggasthof\",\"potentialAction\":[{\"@type\":\"SearchAction\",\"target\":{\"@type\":\"EntryPoint\",\"urlTemplate\":\"https:\\\/\\\/www.gasthof-steckholzer.at\\\/it\\\/?s={search_term_string}\"},\"query-input\":{\"@type\":\"PropertyValueSpecification\",\"valueRequired\":true,\"valueName\":\"search_term_string\"}}],\"inLanguage\":\"it-IT\"}]}<\/script>\n<!-- \/ Yoast SEO plugin. -->","yoast_head_json":{"title":"INFORMAZIONI LEGALE - Steckholzer","robots":{"index":"index","follow":"follow","max-snippet":"max-snippet:-1","max-image-preview":"max-image-preview:large","max-video-preview":"max-video-preview:-1"},"canonical":"https:\/\/www.gasthof-steckholzer.at\/it\/informazioni-legale\/","og_locale":"it_IT","og_type":"article","og_title":"INFORMAZIONI LEGALE - Steckholzer","og_url":"https:\/\/www.gasthof-steckholzer.at\/it\/informazioni-legale\/","og_site_name":"Steckholzer","article_modified_time":"2025-10-17T14:11:25+00:00","twitter_card":"summary_large_image","twitter_misc":{"Tempo di lettura stimato":"2 minuti"},"schema":{"@context":"https:\/\/schema.org","@graph":[{"@type":"WebPage","@id":"https:\/\/www.gasthof-steckholzer.at\/it\/informazioni-legale\/","url":"https:\/\/www.gasthof-steckholzer.at\/it\/informazioni-legale\/","name":"INFORMAZIONI LEGALE - Steckholzer","isPartOf":{"@id":"https:\/\/www.gasthof-steckholzer.at\/it\/#website"},"datePublished":"2025-09-17T17:06:01+00:00","dateModified":"2025-10-17T14:11:25+00:00","breadcrumb":{"@id":"https:\/\/www.gasthof-steckholzer.at\/it\/informazioni-legale\/#breadcrumb"},"inLanguage":"it-IT","potentialAction":[{"@type":"ReadAction","target":["https:\/\/www.gasthof-steckholzer.at\/it\/informazioni-legale\/"]}]},{"@type":"BreadcrumbList","@id":"https:\/\/www.gasthof-steckholzer.at\/it\/informazioni-legale\/#breadcrumb","itemListElement":[{"@type":"ListItem","position":1,"name":"Startseite","item":"https:\/\/www.gasthof-steckholzer.at\/it\/"},{"@type":"ListItem","position":2,"name":"INFORMAZIONI LEGALE"}]},{"@type":"WebSite","@id":"https:\/\/www.gasthof-steckholzer.at\/it\/#website","url":"https:\/\/www.gasthof-steckholzer.at\/it\/","name":"Steckholzer","description":"Der Berggasthof","potentialAction":[{"@type":"SearchAction","target":{"@type":"EntryPoint","urlTemplate":"https:\/\/www.gasthof-steckholzer.at\/it\/?s={search_term_string}"},"query-input":{"@type":"PropertyValueSpecification","valueRequired":true,"valueName":"search_term_string"}}],"inLanguage":"it-IT"}]}},"_links":{"self":[{"href":"https:\/\/www.gasthof-steckholzer.at\/it\/wp-json\/wp\/v2\/pages\/1058","targetHints":{"allow":["GET"]}}],"collection":[{"href":"https:\/\/www.gasthof-steckholzer.at\/it\/wp-json\/wp\/v2\/pages"}],"about":[{"href":"https:\/\/www.gasthof-steckholzer.at\/it\/wp-json\/wp\/v2\/types\/page"}],"author":[{"embeddable":true,"href":"https:\/\/www.gasthof-steckholzer.at\/it\/wp-json\/wp\/v2\/users\/1"}],"replies":[{"embeddable":true,"href":"https:\/\/www.gasthof-steckholzer.at\/it\/wp-json\/wp\/v2\/comments?post=1058"}],"version-history":[{"count":4,"href":"https:\/\/www.gasthof-steckholzer.at\/it\/wp-json\/wp\/v2\/pages\/1058\/revisions"}],"predecessor-version":[{"id":1062,"href":"https:\/\/www.gasthof-steckholzer.at\/it\/wp-json\/wp\/v2\/pages\/1058\/revisions\/1062"}],"wp:attachment":[{"href":"https:\/\/www.gasthof-steckholzer.at\/it\/wp-json\/wp\/v2\/media?parent=1058"}],"curies":[{"name":"wp","href":"https:\/\/api.w.org\/{rel}","templated":true}]}}